{"id":45464217,"date":"2026-02-09T06:00:30","date_gmt":"2026-02-09T04:00:30","guid":{"rendered":"https:\/\/litpolstar.lt\/product\/ring-label-holder\/"},"modified":"2026-02-09T08:03:07","modified_gmt":"2026-02-09T06:03:07","slug":"ring-label-holder","status":"publish","type":"product","link":"https:\/\/litpolstar.lt\/en\/product\/ring-label-holder\/","title":{"rendered":"Ring Label Holder"},"content":{"rendered":"<p>Ring Label Holder for sausages. Used for information presentation of price or\/and about meat products (sausages, meat rolls and etc). Multi-functional Ring Label Holder can be tilted to the desired angle. Ring Label Holder can be used with 50 mm or 100 mm extension. Diameters are: \u00d820 mm; \u00d830 mm; \u00d845 mm and \u00d880 mm.<\/p>\n","protected":false},"excerpt":{"rendered":"<p>Ring Label Holder for sausages. Used for information presentation of price or\/and about meat products (sausages, meat rolls and etc). Multi-functional Ring Label Holder can be tilted to the desired angle. Ring Label Holder can be used with 50 mm or 100 mm extension. Diameters are: \u00d820 mm; \u00d830 mm; \u00d845 mm and \u00d880 mm.<\/p>\n","protected":false},"featured_media":45467736,"comment_status":"closed","ping_status":"open","template":"","meta":[],"product_cat":[987,893],"product_tag":[],"_links":{"self":[{"href":"https:\/\/litpolstar.lt\/en\/wp-json\/wp\/v2\/product\/45464217"}],"collection":[{"href":"https:\/\/litpolstar.lt\/en\/wp-json\/wp\/v2\/product"}],"about":[{"href":"https:\/\/litpolstar.lt\/en\/wp-json\/wp\/v2\/types\/product"}],"replies":[{"embeddable":true,"href":"https:\/\/litpolstar.lt\/en\/wp-json\/wp\/v2\/comments?post=45464217"}],"wp:featuredmedia":[{"embeddable":true,"href":"https:\/\/litpolstar.lt\/en\/wp-json\/wp\/v2\/media\/45467736"}],"wp:attachment":[{"href":"https:\/\/litpolstar.lt\/en\/wp-json\/wp\/v2\/media?parent=45464217"}],"wp:term":[{"taxonomy":"product_cat","embeddable":true,"href":"https:\/\/litpolstar.lt\/en\/wp-json\/wp\/v2\/product_cat?post=45464217"},{"taxonomy":"product_tag","embeddable":true,"href":"https:\/\/litpolstar.lt\/en\/wp-json\/wp\/v2\/product_tag?post=45464217"}],"curies":[{"name":"wp","href":"https:\/\/api.w.org\/{rel}","templated":true}]}}